{"id":22,"date":"2024-08-13T18:57:04","date_gmt":"2024-08-13T18:57:04","guid":{"rendered":"https:\/\/posgrado.quimica.unam.mx\/60aniversario\/?page_id=22"},"modified":"2025-06-05T14:22:18","modified_gmt":"2025-06-05T20:22:18","slug":"inicio","status":"publish","type":"page","link":"https:\/\/posgrado.quimica.unam.mx\/60aniversario\/","title":{"rendered":"Bienvenida"},"content":{"rendered":"<p>A lo largo de seis d\u00e9cadas, el Posgrado en la Facultad de Qu\u00edmica (FQ) de la Universidad Nacional Aut\u00f3noma de M\u00e9xico (UNAM) ha sido un faro de conocimiento y vanguardia dedicado a la formaci\u00f3n de investigadores y el desarrollo de ciencia de frontera.<\/p>\n<p>Este a\u00f1o celebramos nuestro 60<sup>o<\/sup> Aniversario e invitamos a la comunidad qu\u00edmica a sumarse a esta conmemoraci\u00f3n, donde reflexionaremos sobre los retos actuales, el desarrollo y el futuro de la Qu\u00edmica. Creemos que juntos podemos fortalecer el progreso sostenible, justo e inclusivo, y garantizar que la ciencia est\u00e9 al servicio de los grandes desaf\u00edos de nuestra \u00e9poca.<\/p>\n<p>En el transcurso del a\u00f1o, festejaremos con diversos eventos en la FQ: ponencias, conferencias magistrales, mesas redondas y presentaciones de carteles que reunir\u00e1n a estudiantes de posgrado, representantes de las universidades m\u00e1s destacadas del mundo y egresados distinguidos de nuestra Facultad; discutiremos c\u00f3mo podemos abordar los retos mundiales de la salud, la alimentaci\u00f3n, la biotecnolog\u00eda, el medio ambiente, el desarrollo de nuevas energ\u00edas y materiales en el contexto de la Qu\u00edmica. Tambi\u00e9n habr\u00e1 actividades de inter\u00e9s para estudiantes de bachillerato y licenciatura.<\/p>\n<p>En este aniversario adem\u00e1s de celebrar nuestros logros, tendremos el magno evento denominado <em>Una visi\u00f3n de las Ciencias Qu\u00edmicas hacia el 2050<\/em>, del 13 al 17 de octubre del presente, donde recopilaremos las ideas que generemos juntos, las cuales proyectaremos hacia el futuro con una visi\u00f3n estrat\u00e9gica para el desarrollo de las Ciencias Qu\u00edmicas, reafirmando nuestro compromiso con la formaci\u00f3n de profesionales altamente capacitados y la generaci\u00f3n de conocimiento e innovaci\u00f3n. Invitamos a toda la comunidad qu\u00edmica a contribuir en este espacio de reflexi\u00f3n y aprendizaje mutuo.<\/p>\n<p>Atentamente,<br \/>\n<strong>Comit\u00e9 Organizador del 60<sup>o<\/sup> Aniversario del Posgrado en la Facultad de Qu\u00edmica<\/strong><\/p>\n","protected":false},"excerpt":{"rendered":"<p>&#46;&#46;&#46;<\/p>\n","protected":false},"author":2,"featured_media":0,"parent":0,"menu_order":1,"comment_status":"closed","ping_status":"closed","template":"","meta":{"footnotes":"","_links_to":"","_links_to_target":""},"class_list":["post-22","page","type-page","status-publish","hentry"],"_links":{"self":[{"href":"https:\/\/posgrado.quimica.unam.mx\/60aniversario\/wp-json\/wp\/v2\/pages\/22","targetHints":{"allow":["GET"]}}],"collection":[{"href":"https:\/\/posgrado.quimica.unam.mx\/60aniversario\/wp-json\/wp\/v2\/pages"}],"about":[{"href":"https:\/\/posgrado.quimica.unam.mx\/60aniversario\/wp-json\/wp\/v2\/types\/page"}],"author":[{"embeddable":true,"href":"https:\/\/posgrado.quimica.unam.mx\/60aniversario\/wp-json\/wp\/v2\/users\/2"}],"replies":[{"embeddable":true,"href":"https:\/\/posgrado.quimica.unam.mx\/60aniversario\/wp-json\/wp\/v2\/comments?post=22"}],"version-history":[{"count":12,"href":"https:\/\/posgrado.quimica.unam.mx\/60aniversario\/wp-json\/wp\/v2\/pages\/22\/revisions"}],"predecessor-version":[{"id":562,"href":"https:\/\/posgrado.quimica.unam.mx\/60aniversario\/wp-json\/wp\/v2\/pages\/22\/revisions\/562"}],"wp:attachment":[{"href":"https:\/\/posgrado.quimica.unam.mx\/60aniversario\/wp-json\/wp\/v2\/media?parent=22"}],"curies":[{"name":"wp","href":"https:\/\/api.w.org\/{rel}","templated":true}]}}